{"id":2494,"date":"2026-01-29T15:35:32","date_gmt":"2026-01-29T14:35:32","guid":{"rendered":"https:\/\/www.beyondsoul.org\/?page_id=2494"},"modified":"2026-02-11T09:16:37","modified_gmt":"2026-02-11T08:16:37","slug":"vseobecne-obchodne-podmienky","status":"publish","type":"page","link":"https:\/\/www.beyondsoul.org\/en\/vseobecne-obchodne-podmienky\/","title":{"rendered":"V\u0161eobecn\u00e9 obchodn\u00e9 podmienky"},"content":{"rendered":"<div data-elementor-type=\"wp-page\" data-elementor-id=\"2494\" class=\"elementor elementor-2494\">\n\t\t\t\t<div class=\"elementor-element elementor-element-94049e5 e-flex e-con-boxed e-con e-parent\" data-id=\"94049e5\" data-element_type=\"container\">\n\t\t\t\t\t<div class=\"e-con-inner\">\n\t\t\t\t<div class=\"elementor-element elementor-element-8906aa4 elementor-widget elementor-widget-text-editor\" data-id=\"8906aa4\" data-element_type=\"widget\" data-widget_type=\"text-editor.default\">\n\t\t\t\t\t\t\t\t\t<h2 style=\"text-align: center;\">V\u0160EOBECN\u00c9 OBCHODN\u00c9 PODMIENKY<\/h2><p style=\"text-align: center;\">internetov\u00e9ho obchodu www.beyondsoul.org<\/p><p>\u00a0<\/p><h3>I. \u00davodn\u00e9 ustanovenia a identifik\u00e1cia pred\u00e1vaj\u00faceho<\/h3><p>Tieto V\u0161eobecn\u00e9 obchodn\u00e9 podmienky (\u010falej len \u201eVOP\u201c) upravuj\u00fa pr\u00e1va a povinnosti medzi spolo\u010dnos\u0165ou:<\/p><p><strong>Obchodn\u00e9 meno<\/strong>: Biznis Srdcom s. r. o.<br \/><strong>S\u00eddlo:<\/strong> R\u00e1ztoka 109, 976 97 R\u00e1ztoka, Slovensk\u00e1 republika<br \/><strong>I\u010cO:<\/strong> 52967191<br \/><strong>DI\u010c:<\/strong> 2121191831<br \/><strong>Pred\u00e1vaj\u00faci nie je platite\u013eom DPH<\/strong><br \/><strong>E-mail<\/strong>: office@beyondsoul.org<br \/><strong>Telef\u00f3n:<\/strong> +421 911 129 985<br \/><strong>Bankov\u00e9 spojenie:<\/strong> SK43 7500 0000 0040 2792 0198<\/p><p>(\u010falej len \u201ePred\u00e1vaj\u00faci\u201c) a ka\u017edou osobou, ktor\u00e1 prostredn\u00edctvom internetov\u00e9ho obchodu www.beyondsoul.org (\u010falej len \u201eInternetov\u00fd obchod\u201c) uzavrie k\u00fapnu zmluvu ako kupuj\u00faci.<\/p><p>Tieto VOP sa vz\u0165ahuj\u00fa na spotrebite\u013eov v zmysle \u00a7 52 ods. 4 z\u00e1kona \u010d. 40\/1964 Zb. Ob\u010diansky z\u00e1konn\u00edk a z\u00e1kona \u010d. 102\/2014 Z. z. o ochrane spotrebite\u013ea pri predaji na dia\u013eku.<\/p><p>Dozor nad ochranou spotrebite\u013ea vykon\u00e1va Slovensk\u00e1 obchodn\u00e1 in\u0161pekcia.<\/p><h3>II. Objedn\u00e1vka a uzavretie k\u00fapnej zmluvy<\/h3><ol><li style=\"text-align: left;\">N\u00e1vrhom na uzavretie k\u00fapnej zmluvy je objedn\u00e1vka odoslan\u00e1 kupuj\u00facim prostredn\u00edctvom elektronick\u00e9ho objedn\u00e1vkov\u00e9ho formul\u00e1ra Internetov\u00e9ho obchodu.<\/li><li style=\"text-align: left;\">K uzavretiu k\u00fapnej zmluvy doch\u00e1dza potvrden\u00edm objedn\u00e1vky zo strany Pred\u00e1vaj\u00faceho\u00a0 e-mailom.<\/li><li style=\"text-align: left;\">K\u00fapna zmluva sa uzatv\u00e1ra na dobu ur\u010dit\u00fa a zanik\u00e1 splnen\u00edm z\u00e1v\u00e4zkov oboch str\u00e1n alebo z\u00e1konn\u00fdm odst\u00fapen\u00edm.<\/li><\/ol><h3><br \/>III. K\u00fapna cena a platobn\u00e9 podmienky<\/h3><ol><li>Cena tovaru je uveden\u00e1 pri jednotliv\u00fdch produktoch v Internetovom obchode a je kone\u010dn\u00e1.<\/li><li>Pred\u00e1vaj\u00faci nie je platite\u013eom DPH.<\/li><li>Platba je mo\u017en\u00e1 v\u00fdlu\u010dne bezhotovostn\u00fdm prevodom na bankov\u00fd \u00fa\u010det Pred\u00e1vaj\u00faceho.<\/li><li>K\u00fapna cena sa pova\u017euje za uhraden\u00fa d\u0148om prip\u00edsania finan\u010dn\u00fdch prostriedkov na \u00fa\u010det Pred\u00e1vaj\u00faceho.<\/li><\/ol><h3>IV. Dodanie tovaru<\/h3><ol><li>Pred\u00e1vaj\u00faci dod\u00e1 tovar kupuj\u00facemu najnesk\u00f4r do 15 dn\u00ed odo d\u0148a uzatvorenia k\u00fapnej zmluvy, obvykle do 7 pracovn\u00fdch dn\u00ed od \u00fahrady.<\/li><li>Miestom dodania je adresa uveden\u00e1 kupuj\u00facim v objedn\u00e1vke.<\/li><li>Sp\u00f4soby dopravy:<ul><li>Slovensk\u00e1 po\u0161ta<\/li><\/ul><\/li><li>Tovar je odoslan\u00fd po prip\u00edsan\u00ed celej k\u00fapnej ceny na bankov\u00fd \u00fa\u010det Pred\u00e1vaj\u00faceho. Nebezpe\u010denstvo po\u0161kodenia a vlastn\u00edcke pr\u00e1vo prech\u00e1dza na kupuj\u00faceho okamihom prevzatia tovaru.<\/li><\/ol><h3><br \/>V. Odst\u00fapenie od zmluvy<\/h3><ol><li>Spotrebite\u013e m\u00e1 pr\u00e1vo odst\u00fapi\u0165 od zmluvy bez uvedenia d\u00f4vodu do 14 dn\u00ed odo d\u0148a prevzatia tovaru.<\/li><li>Odst\u00fapenie mus\u00ed by\u0165 ozn\u00e1men\u00e9 p\u00edsomne alebo e-mailom na adresu Pred\u00e1vaj\u00faceho.<\/li><li>Spotrebite\u013e je povinn\u00fd zasla\u0165 tovar sp\u00e4\u0165 do 14 dn\u00ed od odst\u00fapenia.<\/li><li>N\u00e1klady na vr\u00e1tenie tovaru zn\u00e1\u0161a spotrebite\u013e.<\/li><li>Pred\u00e1vaj\u00faci vr\u00e1ti spotrebite\u013eovi v\u0161etky prijat\u00e9 platby najnesk\u00f4r do 14 dn\u00ed odo d\u0148a doru\u010denia ozn\u00e1menia o odst\u00fapen\u00ed, nie v\u0161ak sk\u00f4r ako mu bude tovar doru\u010den\u00fd sp\u00e4\u0165.<\/li><li>Pr\u00e1vo na odst\u00fapenie sa nevz\u0165ahuje na tovary uveden\u00e9 v \u00a7 7 ods. 6 z\u00e1kona \u010d. 102\/2014 Z. z.<\/li><\/ol><h3><br \/>VI. Zodpovednos\u0165 za vady, z\u00e1ruka a reklam\u00e1cie<\/h3><ol><li>Z\u00e1ru\u010dn\u00e1 doba je 24 mesiacov.<\/li><li>Reklam\u00e1ciu je mo\u017en\u00e9 uplatni\u0165 p\u00edsomne alebo e-mailom na office@beyondsoul.org.<\/li><li>Reklam\u00e1cia bude vybaven\u00e1 v s\u00falade s platnou legislat\u00edvou SR najnesk\u00f4r do 30 dn\u00ed.<\/li><\/ol><h3><br \/>VII. Alternat\u00edvne rie\u0161enie sporov<\/h3><ol><li>Spotrebite\u013e m\u00e1 pr\u00e1vo obr\u00e1ti\u0165 sa na Pred\u00e1vaj\u00faceho so \u017eiados\u0165ou o n\u00e1pravu.<\/li><li>Ak ned\u00f4jde k dohode, spotrebite\u013e m\u00e1 pr\u00e1vo poda\u0165 n\u00e1vrh na alternat\u00edvne rie\u0161enie sporu prostredn\u00edctvom Slovenskej obchodnej in\u0161pekcie alebo platformy ODR: https:\/\/ec.europa.eu\/consumers\/odr\/<\/li><\/ol><h3><br \/>VIII. Ochrana osobn\u00fdch \u00fadajov<\/h3><p>Sprac\u00favanie osobn\u00fdch \u00fadajov sa riadi samostatn\u00fdm dokumentom \u201eZ\u00e1sady ochrany osobn\u00fdch \u00fadajov\u201c, zverejnen\u00fdm na Internetovom obchode, v s\u00falade s nariaden\u00edm GDPR.<\/p><h3>IX. Z\u00e1vere\u010dn\u00e9 ustanovenia<\/h3><ol><li>Pred\u00e1vaj\u00faci si vyhradzuje pr\u00e1vo na zmenu t\u00fdchto VOP.<\/li><li>Pr\u00e1vne vz\u0165ahy neupraven\u00e9 t\u00fdmito VOP sa riadia pr\u00e1vnym poriadkom Slovenskej republiky.<\/li><li>Tieto VOP nadob\u00fadaj\u00fa platnos\u0165 a \u00fa\u010dinnos\u0165 d\u0148om ich zverejnenia v Internetovom obchode.<\/li><\/ol><p>\u00a0<\/p><p>\u00a0<\/p>\t\t\t\t\t\t\t\t<\/div>\n\t\t\t\t\t<\/div>\n\t\t\t\t<\/div>\n\t\t\t\t<\/div>","protected":false},"excerpt":{"rendered":"<p>V\u0160EOBECN\u00c9 OBCHODN\u00c9 PODMIENKY internetov\u00e9ho obchodu www.beyondsoul.org \u00a0 I. \u00davodn\u00e9 ustanovenia a identifik\u00e1cia pred\u00e1vaj\u00faceho Tieto V\u0161eobecn\u00e9 obchodn\u00e9 podmienky (\u010falej len \u201eVOP\u201c) upravuj\u00fa pr\u00e1va a povinnosti medzi spolo\u010dnos\u0165ou: Obchodn\u00e9 meno: Biznis Srdcom s. r. o.S\u00eddlo: R\u00e1ztoka 109, 976 97 R\u00e1ztoka, Slovensk\u00e1 republikaI\u010cO: 52967191DI\u010c: 2121191831Pred\u00e1vaj\u00faci nie je platite\u013eom DPHE-mail: office@beyondsoul.orgTelef\u00f3n: +421 911 129 985Bankov\u00e9 spojenie: SK43 7500 0000 [&hellip;]<\/p>","protected":false},"author":1,"featured_media":0,"parent":0,"menu_order":0,"comment_status":"closed","ping_status":"closed","template":"","meta":{"ocean_post_layout":"","ocean_both_sidebars_style":"","ocean_both_sidebars_content_width":0,"ocean_both_sidebars_sidebars_width":0,"ocean_sidebar":"","ocean_second_sidebar":"","ocean_disable_margins":"enable","ocean_add_body_class":"","ocean_shortcode_before_top_bar":"","ocean_shortcode_after_top_bar":"","ocean_shortcode_before_header":"","ocean_shortcode_after_header":"","ocean_has_shortcode":"","ocean_shortcode_after_title":"","ocean_shortcode_before_footer_widgets":"","ocean_shortcode_after_footer_widgets":"","ocean_shortcode_before_footer_bottom":"","ocean_shortcode_after_footer_bottom":"","ocean_display_top_bar":"default","ocean_display_header":"default","ocean_header_style":"","ocean_center_header_left_menu":"","ocean_custom_header_template":"","ocean_custom_logo":0,"ocean_custom_retina_logo":0,"ocean_custom_logo_max_width":0,"ocean_custom_logo_tablet_max_width":0,"ocean_custom_logo_mobile_max_width":0,"ocean_custom_logo_max_height":0,"ocean_custom_logo_tablet_max_height":0,"ocean_custom_logo_mobile_max_height":0,"ocean_header_custom_menu":"","ocean_menu_typo_font_family":"","ocean_menu_typo_font_subset":"","ocean_menu_typo_font_size":0,"ocean_menu_typo_font_size_tablet":0,"ocean_menu_typo_font_size_mobile":0,"ocean_menu_typo_font_size_unit":"px","ocean_menu_typo_font_weight":"","ocean_menu_typo_font_weight_tablet":"","ocean_menu_typo_font_weight_mobile":"","ocean_menu_typo_transform":"","ocean_menu_typo_transform_tablet":"","ocean_menu_typo_transform_mobile":"","ocean_menu_typo_line_height":0,"ocean_menu_typo_line_height_tablet":0,"ocean_menu_typo_line_height_mobile":0,"ocean_menu_typo_line_height_unit":"","ocean_menu_typo_spacing":0,"ocean_menu_typo_spacing_tablet":0,"ocean_menu_typo_spacing_mobile":0,"ocean_menu_typo_spacing_unit":"","ocean_menu_link_color":"","ocean_menu_link_color_hover":"","ocean_menu_link_color_active":"","ocean_menu_link_background":"","ocean_menu_link_hover_background":"","ocean_menu_link_active_background":"","ocean_menu_social_links_bg":"","ocean_menu_social_hover_links_bg":"","ocean_menu_social_links_color":"","ocean_menu_social_hover_links_color":"","ocean_disable_title":"default","ocean_disable_heading":"default","ocean_post_title":"","ocean_post_subheading":"","ocean_post_title_style":"","ocean_post_title_background_color":"","ocean_post_title_background":0,"ocean_post_title_bg_image_position":"","ocean_post_title_bg_image_attachment":"","ocean_post_title_bg_image_repeat":"","ocean_post_title_bg_image_size":"","ocean_post_title_height":0,"ocean_post_title_bg_overlay":0.5,"ocean_post_title_bg_overlay_color":"","ocean_disable_breadcrumbs":"default","ocean_breadcrumbs_color":"","ocean_breadcrumbs_separator_color":"","ocean_breadcrumbs_links_color":"","ocean_breadcrumbs_links_hover_color":"","ocean_display_footer_widgets":"default","ocean_display_footer_bottom":"default","ocean_custom_footer_template":"","osh_disable_topbar_sticky":"default","osh_disable_header_sticky":"default","osh_sticky_header_style":"default","osh_sticky_header_effect":"","osh_custom_sticky_logo":0,"osh_custom_retina_sticky_logo":0,"osh_custom_sticky_logo_height":0,"osh_background_color":"","osh_links_color":"","osh_links_hover_color":"","osh_links_active_color":"","osh_links_bg_color":"","osh_links_hover_bg_color":"","osh_links_active_bg_color":"","osh_menu_social_links_color":"","osh_menu_social_hover_links_color":"","footnotes":""},"class_list":["post-2494","page","type-page","status-publish","hentry","entry","owp-thumbs-layout-horizontal","owp-btn-big","owp-tabs-layout-section","has-no-thumbnails","has-product-nav","circle-sale"],"_links":{"self":[{"href":"https:\/\/www.beyondsoul.org\/en\/wp-json\/wp\/v2\/pages\/2494","targetHints":{"allow":["GET"]}}],"collection":[{"href":"https:\/\/www.beyondsoul.org\/en\/wp-json\/wp\/v2\/pages"}],"about":[{"href":"https:\/\/www.beyondsoul.org\/en\/wp-json\/wp\/v2\/types\/page"}],"author":[{"embeddable":true,"href":"https:\/\/www.beyondsoul.org\/en\/wp-json\/wp\/v2\/users\/1"}],"replies":[{"embeddable":true,"href":"https:\/\/www.beyondsoul.org\/en\/wp-json\/wp\/v2\/comments?post=2494"}],"version-history":[{"count":7,"href":"https:\/\/www.beyondsoul.org\/en\/wp-json\/wp\/v2\/pages\/2494\/revisions"}],"predecessor-version":[{"id":2520,"href":"https:\/\/www.beyondsoul.org\/en\/wp-json\/wp\/v2\/pages\/2494\/revisions\/2520"}],"wp:attachment":[{"href":"https:\/\/www.beyondsoul.org\/en\/wp-json\/wp\/v2\/media?parent=2494"}],"curies":[{"name":"wp","href":"https:\/\/api.w.org\/{rel}","templated":true}]}}