{"id":2505,"date":"2026-01-29T15:45:43","date_gmt":"2026-01-29T14:45:43","guid":{"rendered":"https:\/\/www.beyondsoul.org\/?page_id=2505"},"modified":"2026-01-29T15:46:57","modified_gmt":"2026-01-29T14:46:57","slug":"reklamacny-poriadok-a-reklamacny-formular","status":"publish","type":"page","link":"https:\/\/www.beyondsoul.org\/en\/reklamacny-poriadok-a-reklamacny-formular\/","title":{"rendered":"Reklama\u010dn\u00fd poriadok a reklama\u010dn\u00fd formul\u00e1r"},"content":{"rendered":"<div data-elementor-type=\"wp-page\" data-elementor-id=\"2505\" class=\"elementor elementor-2505\">\n\t\t\t\t<div class=\"elementor-element elementor-element-c3fce31 e-flex e-con-boxed e-con e-parent\" data-id=\"c3fce31\" data-element_type=\"container\">\n\t\t\t\t\t<div class=\"e-con-inner\">\n\t\t\t\t<div class=\"elementor-element elementor-element-64bbe10 elementor-widget elementor-widget-text-editor\" data-id=\"64bbe10\" data-element_type=\"widget\" data-widget_type=\"text-editor.default\">\n\t\t\t\t\t\t\t\t\t<p style=\"text-align: center;\"><strong>REKLAMA\u010cN\u00dd PORIADOK<\/strong><\/p><p style=\"text-align: center;\">internetov\u00e9ho obchodu <a href=\"http:\/\/www.beyondsoul.org\/en\/\"><strong>www.beyondsoul.org<\/strong><\/a><\/p><p><strong>\u00a0<\/strong><\/p><ol><li><strong> V\u0161eobecn\u00e9 ustanovenia<\/strong><\/li><\/ol><p>Tento reklama\u010dn\u00fd poriadok upravuje sp\u00f4sob a podmienky uplatnenia reklam\u00e1cie tovaru zak\u00fapen\u00e9ho prostredn\u00edctvom internetov\u00e9ho obchodu <a href=\"http:\/\/www.beyondsoul.org\/en\/\"><strong>www.beyondsoul.org<\/strong><\/a>, prev\u00e1dzkovan\u00e9ho spolo\u010dnos\u0165ou:<\/p><p>Biznis Srdcom s. r. o.<br \/>R\u00e1ztoka 109, 976 97 R\u00e1ztoka<br \/>I\u010cO: 52967191<br \/>E-mail: <a href=\"mailto:office@beyondsoul.org\">office@beyondsoul.org<\/a><\/p><p>Reklama\u010dn\u00fd poriadok je vypracovan\u00fd v s\u00falade s \u00a7 622 a \u00a7 623 z\u00e1kona \u010d. 40\/1964 Zb. Ob\u010diansky z\u00e1konn\u00edk a z\u00e1konom \u010d. 250\/2007 Z. z. o ochrane spotrebite\u013ea.<\/p><ol><li><strong> Zodpovednos\u0165 za vady<\/strong><\/li><\/ol><ol><li>Pred\u00e1vaj\u00faci zodpoved\u00e1 za vady, ktor\u00e9 m\u00e1 tovar pri prevzat\u00ed kupuj\u00facim alebo ktor\u00e9 sa vyskytn\u00fa v z\u00e1ru\u010dnej dobe.<\/li><li>Kupuj\u00faci je povinn\u00fd tovar pri prevzat\u00ed skontrolova\u0165 a bez zbyto\u010dn\u00e9ho odkladu informova\u0165 Pred\u00e1vaj\u00faceho o zisten\u00fdch vad\u00e1ch.<\/li><\/ol><p><strong>III. Z\u00e1ru\u010dn\u00e1 doba<\/strong><\/p><ol><li>Z\u00e1ru\u010dn\u00e1 doba na tovar je 24 mesiacov odo d\u0148a prevzatia tovaru kupuj\u00facim.<\/li><li>Z\u00e1ruka sa nevz\u0165ahuje na vady sp\u00f4soben\u00e9:<ul><li>nespr\u00e1vnym pou\u017e\u00edvan\u00edm v rozpore s n\u00e1vodom,<\/li><li>mechanick\u00fdm po\u0161koden\u00edm,<\/li><li>neodborn\u00fdm z\u00e1sahom alebo \u00fapravou,<\/li><li>be\u017en\u00fdm opotreben\u00edm.<\/li><\/ul><\/li><\/ol><ol><li><strong> Uplatnenie reklam\u00e1cie<\/strong><\/li><\/ol><ol><li>Reklam\u00e1ciu je mo\u017en\u00e9 uplatni\u0165:<ul><li>e-mailom na adrese: <a href=\"mailto:office@beyondsoul.org\">office@beyondsoul.org<\/a><\/li><li>p\u00edsomne po\u0161tou na adresu s\u00eddla spolo\u010dnosti<\/li><\/ul><\/li><li>Reklam\u00e1cia mus\u00ed obsahova\u0165:<ul><li>identifik\u00e1ciu kupuj\u00faceho,<\/li><li>\u010d\u00edslo objedn\u00e1vky alebo doklad o k\u00fape,<\/li><li>popis vady tovaru.<\/li><\/ul><\/li><li>Pred\u00e1vaj\u00faci potvrd\u00ed prijatie reklam\u00e1cie bez zbyto\u010dn\u00e9ho odkladu.<\/li><\/ol><p>\u00a0<\/p><ol><li><strong> Sp\u00f4sob vybavenia reklam\u00e1cie<\/strong><\/li><\/ol><ol><li>Pred\u00e1vaj\u00faci rozhodne o sp\u00f4sobe vybavenia reklam\u00e1cie ihne\u010f, v zlo\u017eit\u00fdch pr\u00edpadoch najnesk\u00f4r do 3 pracovn\u00fdch dn\u00ed.<\/li><li>Reklam\u00e1cia bude vybaven\u00e1 najnesk\u00f4r do 30 dn\u00ed odo d\u0148a jej uplatnenia.<\/li><li>Kupuj\u00faci m\u00e1 pr\u00e1vo:<ul><li>na bezplatn\u00e9 odstr\u00e1nenie vady opravou,<\/li><li>v\u00fdmenu tovaru,<\/li><li>primeran\u00fa z\u013eavu z ceny,<\/li><li>odst\u00fapenie od zmluvy, ak ide o neodstr\u00e1nite\u013en\u00fa vadu.<\/li><\/ul><\/li><\/ol><p>\u00a0<\/p><ol><li><strong> Z\u00e1vere\u010dn\u00e9 ustanovenia<\/strong><\/li><li>Tento reklama\u010dn\u00fd poriadok tvor\u00ed neoddelite\u013en\u00fa s\u00fa\u010das\u0165 V\u0161eobecn\u00fdch obchodn\u00fdch podmienok.<\/li><li>Pred\u00e1vaj\u00faci si vyhradzuje pr\u00e1vo na zmenu reklama\u010dn\u00e9ho poriadku.<\/li><li>Reklama\u010dn\u00fd poriadok nadob\u00fada platnos\u0165 a \u00fa\u010dinnos\u0165 d\u0148om jeho zverejnenia na webovej str\u00e1nke <a href=\"http:\/\/www.beyondsoul.org\/en\/\">www.beyondsoul.org<\/a>.<\/li><\/ol>\t\t\t\t\t\t\t\t<\/div>\n\t\t\t\t\t<\/div>\n\t\t\t\t<\/div>\n\t\t<div class=\"elementor-element elementor-element-d42a0da e-flex e-con-boxed e-con e-parent\" data-id=\"d42a0da\" data-element_type=\"container\">\n\t\t\t\t\t<div class=\"e-con-inner\">\n\t\t\t\t<div class=\"elementor-element elementor-element-1986d18 elementor-widget elementor-widget-text-editor\" data-id=\"1986d18\" data-element_type=\"widget\" data-widget_type=\"text-editor.default\">\n\t\t\t\t\t\t\t\t\t<h2 style=\"text-align: center;\"><strong>REKLAMA\u010cN\u00dd FORMUL\u00c1R<\/strong><\/h2><p><strong>Pred\u00e1vaj\u00faci: <\/strong><\/p><p>Biznis Srdcom s.r.o., I\u010cO: 52967191, DI\u010c: 2121191831, R\u00e1ztoka 109, 976 97 R\u00e1ztoka<\/p><p>zap\u00edsan\u00e1 v OR OS Bansk\u00e1 Bystrica, oddiel: Sro, vlo\u017eka \u010d. 38391\/S<\/p><p><strong>Z\u00e1kazn\u00edk:<\/strong><\/p><p>Meno a\u00a0priezvisko: \u2026\u2026\u2026\u2026\u2026\u2026\u2026\u2026\u2026\u2026\u2026\u2026\u2026\u2026\u2026\u2026\u2026\u2026\u2026\u2026\u2026\u2026\u2026\u2026\u2026\u2026\u2026\u2026\u2026\u2026\u2026\u2026\u2026\u2026\u2026\u2026\u2026\u2026\u2026\u2026\u2026\u2026\u2026\u2026\u2026\u2026\u2026\u2026<\/p><p>Adresa: \u2026\u2026\u2026\u2026\u2026\u2026\u2026\u2026\u2026\u2026\u2026\u2026\u2026\u2026\u2026\u2026\u2026\u2026\u2026\u2026\u2026\u2026\u2026\u2026\u2026\u2026\u2026\u2026\u2026\u2026\u2026\u2026\u2026\u2026\u2026\u2026\u2026\u2026\u2026\u2026\u2026\u2026\u2026\u2026\u2026\u2026\u2026\u2026\u2026\u2026\u2026\u2026\u2026\u2026\u2026\u2026\u2026<\/p><p>Telef\u00f3nne \u010d\u00edslo\/ e-mailov\u00e1 adresa: \u2026\u2026\u2026\u2026\u2026\u2026\u2026\u2026\u2026\u2026\u2026\u2026\u2026\u2026\u2026\u2026\u2026\u2026\u2026\u2026\u2026\u2026\u2026\u2026\u2026\u2026\u2026\u2026\u2026\u2026\u2026\u2026\u2026\u2026..<\/p><p>Reklamovan\u00fd tovar: \u00a0\u2026\u2026\u2026\u2026\u2026\u2026\u2026\u2026\u2026\u2026\u2026\u2026\u2026\u2026\u2026\u2026\u2026\u2026\u2026\u2026\u2026\u2026\u2026\u2026\u2026\u2026\u2026\u2026\u2026\u2026\u2026\u2026\u2026\u2026\u2026\u2026\u2026\u2026\u2026\u2026\u2026\u2026\u2026\u2026\u2026\u2026<\/p><p>Doklad o k\u00fape: \u2026\u2026\u2026\u2026\u2026\u2026\u2026\u2026\u2026\u2026\u2026\u2026\u2026\u2026\u2026\u2026\u2026\u2026\u2026\u2026\u2026\u2026\u2026\u2026\u2026\u2026\u2026\u2026\u2026\u2026\u2026\u2026\u2026\u2026\u2026\u2026\u2026\u2026\u2026\u2026\u2026\u2026\u2026\u2026\u2026\u2026\u2026\u2026\u2026\u2026..<\/p><p>D\u00e1tum zak\u00fapenia: \u2026\u2026\u2026\u2026\u2026\u2026\u2026\u2026\u2026\u2026\u2026\u2026\u2026\u2026\u2026\u2026\u2026\u2026\u2026\u2026\u2026\u2026\u2026\u2026\u2026\u2026\u2026\u2026\u2026\u2026\u2026\u2026\u2026\u2026\u2026\u2026\u2026\u2026\u2026\u2026\u2026\u2026\u2026\u2026\u2026\u2026\u2026\u2026<\/p><p>Popis Z\u00e1vady: ..\u2026\u2026\u2026\u2026\u2026\u2026\u2026\u2026\u2026\u2026\u2026\u2026\u2026\u2026\u2026\u2026\u2026\u2026\u2026\u2026\u2026\u2026\u2026\u2026\u2026\u2026\u2026\u2026\u2026\u2026\u2026\u2026\u2026\u2026\u2026\u2026\u2026\u2026\u2026\u2026\u2026\u2026\u2026\u2026\u2026\u2026\u2026\u2026\u2026\u2026\u2026\u2026\u2026\u2026\u2026\u2026\u2026\u2026\u2026\u2026\u2026\u2026\u2026\u2026\u2026\u2026\u2026\u2026\u2026\u2026\u2026\u2026\u2026\u2026\u2026\u2026\u2026\u2026\u2026\u2026\u2026\u2026\u2026\u2026\u2026\u2026\u2026\u2026\u2026\u2026\u2026\u2026\u2026\u2026\u2026\u2026\u2026\u2026\u2026\u2026\u2026\u2026\u2026\u2026\u2026\u2026\u2026\u2026\u2026\u2026\u2026\u2026\u2026\u2026\u2026\u2026\u2026\u2026\u2026\u2026\u2026\u2026\u2026\u2026\u2026\u2026\u2026\u2026\u2026\u2026\u2026\u2026\u2026\u2026\u2026\u2026\u2026\u2026\u2026\u2026\u2026\u2026\u2026\u2026\u2026\u2026\u2026\u2026\u2026\u2026\u2026\u2026\u2026\u2026\u2026\u2026\u2026\u2026\u2026\u2026\u2026\u2026\u2026\u2026\u2026\u2026\u2026\u2026\u2026\u2026\u2026\u2026\u2026\u2026\u2026\u2026\u2026\u2026\u2026\u2026\u2026\u2026\u2026\u2026\u2026\u2026\u2026\u2026\u2026\u2026\u2026\u2026\u2026\u2026\u2026\u2026\u2026\u2026\u2026\u2026\u2026\u2026\u2026\u2026\u2026\u2026\u2026\u2026\u2026\u2026\u2026\u2026\u2026\u2026\u2026\u2026\u2026\u2026\u2026\u2026\u2026\u2026\u2026\u2026\u2026\u2026\u2026\u2026\u2026\u2026\u2026\u2026\u2026\u2026\u2026\u2026\u2026\u2026\u2026\u2026\u2026\u2026\u2026\u2026\u2026\u2026<\/p><p>Navrhujem, aby moja reklam\u00e1cia bola vybaven\u00e1 nasleduj\u00facim sp\u00f4sobom (po\u017eadovan\u00e9<\/p><p>za\u010diarknite):<\/p><p>\u25a1 V\u00fdmena tovaru \u00a0\u00a0\u00a0\u00a0\u00a0\u25a1 Oprava tovaru\u00a0\u00a0\u00a0\u00a0 \u00a0\u25a1 Vr\u00e1tenie pe\u0148az\u00ed \u00a0\u00a0\u00a0\u00a0\u00a0\u25a1 Z\u013eava z\u00a0k\u00fapnej ceny<\/p><p>\u25a1\u00a0 In\u00e9&#8230;&#8230;&#8230;&#8230;&#8230;&#8230;&#8230;&#8230;&#8230;&#8230;&#8230;&#8230;&#8230;&#8230;&#8230;&#8230;&#8230;&#8230;&#8230;&#8230;&#8230;&#8230;&#8230;&#8230;&#8230;&#8230;&#8230;&#8230;&#8230;&#8230;&#8230;&#8230;&#8230;&#8230;&#8230;&#8230;&#8230;&#8230;.<\/p><p>V\u00a0pr\u00edpade, ak bude reklam\u00e1cia vybaven\u00e1 vr\u00e1ten\u00edm pe\u0148az\u00ed, uve\u010fte \u010d\u00edslo \u00fa\u010dtu v tvare IBAN: \u2026\u2026\u2026\u2026\u2026\u2026\u2026\u2026\u2026\u2026\u2026\u2026\u2026\u2026\u2026\u2026\u2026\u2026\u2026\u2026\u2026\u2026\u2026\u2026&#8230;&#8230;&#8230;&#8230;&#8230;&#8230;&#8230;&#8230;&#8230;&#8230;&#8230;&#8230;&#8230;&#8230;&#8230;&#8230;&#8230;&#8230;&#8230;<\/p><p>\u00a0<\/p><p>V &#8230;&#8230;&#8230;&#8230;&#8230;&#8230;&#8230;&#8230;&#8230;&#8230;&#8230;&#8230;&#8230;&#8230;&#8230;&#8230;&#8230;&#8230;&#8230;&#8230;&#8230;&#8230;&#8230;.\u00a0 \u00a0d\u0148a: \u2026\u2026\u2026\u2026\u2026\u2026\u2026\u2026\u2026.\u2026\u2026\u2026\u2026\u00a0\u00a0\u00a0\u00a0\u00a0\u00a0\u00a0\u00a0\u00a0\u00a0 &#8230;&#8230;&#8230;&#8230;&#8230;&#8230;&#8230;&#8230;&#8230;&#8230;&#8230;&#8230;&#8230;&#8230;&#8230;&#8230;&#8230;&#8230;&#8230;..\u00a0\u00a0\u00a0\u00a0\u00a0\u00a0\u00a0\u00a0\u00a0\u00a0\u00a0\u00a0\u00a0\u00a0\u00a0\u00a0\u00a0\u00a0\u00a0\u00a0\u00a0\u00a0\u00a0\u00a0\u00a0\u00a0\u00a0\u00a0\u00a0\u00a0\u00a0\u00a0\u00a0\u00a0\u00a0\u00a0\u00a0\u00a0\u00a0\u00a0\u00a0\u00a0\u00a0 \u00a0\u00a0\u00a0\u00a0\u00a0\u00a0\u00a0\u00a0\u00a0\u00a0\u00a0\u00a0\u00a0\u00a0\u00a0\u00a0\u00a0\u00a0\u00a0\u00a0\u00a0\u00a0\u00a0\u00a0\u00a0\u00a0\u00a0\u00a0\u00a0\u00a0\u00a0\u00a0\u00a0\u00a0\u00a0\u00a0\u00a0\u00a0\u00a0\u00a0\u00a0\u00a0\u00a0\u00a0\u00a0\u00a0\u00a0\u00a0\u00a0\u00a0\u00a0\u00a0\u00a0\u00a0\u00a0\u00a0\u00a0\u00a0\u00a0\u00a0\u00a0\u00a0\u00a0\u00a0\u00a0\u00a0\u00a0\u00a0\u00a0\u00a0\u00a0\u00a0\u00a0\u00a0\u00a0\u00a0\u00a0\u00a0\u00a0\u00a0\u00a0\u00a0\u00a0\u00a0\u00a0\u00a0\u00a0\u00a0\u00a0\u00a0\u00a0\u00a0\u00a0\u00a0\u00a0\u00a0\u00a0\u00a0\u00a0\u00a0\u00a0\u00a0\u00a0\u00a0\u00a0\u00a0\u00a0\u00a0\u00a0\u00a0\u00a0\u00a0\u00a0\u00a0\u00a0\u00a0\u00a0\u00a0\u00a0\u00a0\u00a0\u00a0\u00a0\u00a0\u00a0 \u00a0\u00a0\u00a0\u00a0\u00a0\u00a0\u00a0\u00a0\u00a0Podpis z\u00e1kazn\u00edka<\/p>\t\t\t\t\t\t\t\t<\/div>\n\t\t\t\t\t<\/div>\n\t\t\t\t<\/div>\n\t\t\t\t<\/div>","protected":false},"excerpt":{"rendered":"<p>REKLAMA\u010cN\u00dd PORIADOK internetov\u00e9ho obchodu www.beyondsoul.org \u00a0 V\u0161eobecn\u00e9 ustanovenia Tento reklama\u010dn\u00fd poriadok upravuje sp\u00f4sob a podmienky uplatnenia reklam\u00e1cie tovaru zak\u00fapen\u00e9ho prostredn\u00edctvom internetov\u00e9ho obchodu www.beyondsoul.org, prev\u00e1dzkovan\u00e9ho spolo\u010dnos\u0165ou: Biznis Srdcom s. r. o.R\u00e1ztoka 109, 976 97 R\u00e1ztokaI\u010cO: 52967191E-mail: office@beyondsoul.org Reklama\u010dn\u00fd poriadok je vypracovan\u00fd v s\u00falade s \u00a7 622 a \u00a7 623 z\u00e1kona \u010d. 40\/1964 Zb. Ob\u010diansky z\u00e1konn\u00edk a [&hellip;]<\/p>","protected":false},"author":1,"featured_media":0,"parent":0,"menu_order":0,"comment_status":"closed","ping_status":"closed","template":"","meta":{"ocean_post_layout":"","ocean_both_sidebars_style":"","ocean_both_sidebars_content_width":0,"ocean_both_sidebars_sidebars_width":0,"ocean_sidebar":"","ocean_second_sidebar":"","ocean_disable_margins":"enable","ocean_add_body_class":"","ocean_shortcode_before_top_bar":"","ocean_shortcode_after_top_bar":"","ocean_shortcode_before_header":"","ocean_shortcode_after_header":"","ocean_has_shortcode":"","ocean_shortcode_after_title":"","ocean_shortcode_before_footer_widgets":"","ocean_shortcode_after_footer_widgets":"","ocean_shortcode_before_footer_bottom":"","ocean_shortcode_after_footer_bottom":"","ocean_display_top_bar":"default","ocean_display_header":"default","ocean_header_style":"","ocean_center_header_left_menu":"","ocean_custom_header_template":"","ocean_custom_logo":0,"ocean_custom_retina_logo":0,"ocean_custom_logo_max_width":0,"ocean_custom_logo_tablet_max_width":0,"ocean_custom_logo_mobile_max_width":0,"ocean_custom_logo_max_height":0,"ocean_custom_logo_tablet_max_height":0,"ocean_custom_logo_mobile_max_height":0,"ocean_header_custom_menu":"","ocean_menu_typo_font_family":"","ocean_menu_typo_font_subset":"","ocean_menu_typo_font_size":0,"ocean_menu_typo_font_size_tablet":0,"ocean_menu_typo_font_size_mobile":0,"ocean_menu_typo_font_size_unit":"px","ocean_menu_typo_font_weight":"","ocean_menu_typo_font_weight_tablet":"","ocean_menu_typo_font_weight_mobile":"","ocean_menu_typo_transform":"","ocean_menu_typo_transform_tablet":"","ocean_menu_typo_transform_mobile":"","ocean_menu_typo_line_height":0,"ocean_menu_typo_line_height_tablet":0,"ocean_menu_typo_line_height_mobile":0,"ocean_menu_typo_line_height_unit":"","ocean_menu_typo_spacing":0,"ocean_menu_typo_spacing_tablet":0,"ocean_menu_typo_spacing_mobile":0,"ocean_menu_typo_spacing_unit":"","ocean_menu_link_color":"","ocean_menu_link_color_hover":"","ocean_menu_link_color_active":"","ocean_menu_link_background":"","ocean_menu_link_hover_background":"","ocean_menu_link_active_background":"","ocean_menu_social_links_bg":"","ocean_menu_social_hover_links_bg":"","ocean_menu_social_links_color":"","ocean_menu_social_hover_links_color":"","ocean_disable_title":"default","ocean_disable_heading":"default","ocean_post_title":"","ocean_post_subheading":"","ocean_post_title_style":"","ocean_post_title_background_color":"","ocean_post_title_background":0,"ocean_post_title_bg_image_position":"","ocean_post_title_bg_image_attachment":"","ocean_post_title_bg_image_repeat":"","ocean_post_title_bg_image_size":"","ocean_post_title_height":0,"ocean_post_title_bg_overlay":0.5,"ocean_post_title_bg_overlay_color":"","ocean_disable_breadcrumbs":"default","ocean_breadcrumbs_color":"","ocean_breadcrumbs_separator_color":"","ocean_breadcrumbs_links_color":"","ocean_breadcrumbs_links_hover_color":"","ocean_display_footer_widgets":"default","ocean_display_footer_bottom":"default","ocean_custom_footer_template":"","osh_disable_topbar_sticky":"default","osh_disable_header_sticky":"default","osh_sticky_header_style":"default","osh_sticky_header_effect":"","osh_custom_sticky_logo":0,"osh_custom_retina_sticky_logo":0,"osh_custom_sticky_logo_height":0,"osh_background_color":"","osh_links_color":"","osh_links_hover_color":"","osh_links_active_color":"","osh_links_bg_color":"","osh_links_hover_bg_color":"","osh_links_active_bg_color":"","osh_menu_social_links_color":"","osh_menu_social_hover_links_color":"","footnotes":""},"class_list":["post-2505","page","type-page","status-publish","hentry","entry","owp-thumbs-layout-horizontal","owp-btn-big","owp-tabs-layout-section","has-no-thumbnails","has-product-nav","circle-sale"],"_links":{"self":[{"href":"https:\/\/www.beyondsoul.org\/en\/wp-json\/wp\/v2\/pages\/2505","targetHints":{"allow":["GET"]}}],"collection":[{"href":"https:\/\/www.beyondsoul.org\/en\/wp-json\/wp\/v2\/pages"}],"about":[{"href":"https:\/\/www.beyondsoul.org\/en\/wp-json\/wp\/v2\/types\/page"}],"author":[{"embeddable":true,"href":"https:\/\/www.beyondsoul.org\/en\/wp-json\/wp\/v2\/users\/1"}],"replies":[{"embeddable":true,"href":"https:\/\/www.beyondsoul.org\/en\/wp-json\/wp\/v2\/comments?post=2505"}],"version-history":[{"count":7,"href":"https:\/\/www.beyondsoul.org\/en\/wp-json\/wp\/v2\/pages\/2505\/revisions"}],"predecessor-version":[{"id":2512,"href":"https:\/\/www.beyondsoul.org\/en\/wp-json\/wp\/v2\/pages\/2505\/revisions\/2512"}],"wp:attachment":[{"href":"https:\/\/www.beyondsoul.org\/en\/wp-json\/wp\/v2\/media?parent=2505"}],"curies":[{"name":"wp","href":"https:\/\/api.w.org\/{rel}","templated":true}]}}